{"id":95,"date":"2013-08-09T18:55:04","date_gmt":"2013-08-09T16:55:04","guid":{"rendered":"http:\/\/behrens-lm.de\/?page_id=95"},"modified":"2023-10-09T16:08:46","modified_gmt":"2023-10-09T14:08:46","slug":"gartentechnik","status":"publish","type":"page","link":"http:\/\/behrens-lm.de\/?page_id=95","title":{"rendered":"\u00bb\u00a0GARTENTECHNIK\u00a0\u00ab"},"content":{"rendered":"<h1><\/h1>\n<hr>\n<p style=\"text-align: justify;\">Im Bereich der Gartentechnik bieten wir Ihnen ein breites Spektrum f\u00fcr die private Rasen- und Grundst\u00fcckspflege; von M\u00e4hrobotern, Schiebe- und Aufsitzm\u00e4hern \u00fcber Blas- und Bodenpflegeger\u00e4te bis hin zur Holzaufbereitungstechnik. Sie finden in unserem Produktsortiment eine Vielzahl an Fabrikaten.<\/p>\n<p style=\"text-align: justify;\">Klicken Sie f\u00fcr weiterf\u00fchrende Informationen zu den einzelnen Sortimenten eines Herstellers einfach die gesuchte Produktkategorie an, um zu den dazugeh\u00f6rigen, verschiedenen Modellen und Ausf\u00fchrungen zu gelangen.<\/p>\n<hr>\n\n<table id=\"tablepress-4\" class=\"tablepress tablepress-id-4\">\n<tbody>\n<tr class=\"row-1\">\n\t<td class=\"column-1\"><img src=\"http:\/\/behrens-lm.de\/wp-content\/uploads\/2013\/08\/Logo_John_Deere.svg_1.png\" alt=\"\" class=\"center\" width=\"150\" height=\"102\" class=\"aligncenter size-full wp-image-49\" \/><br \/>\n<a href=\"https:\/\/www.deere.de\/de_DE\/industry\/residential\/residential.page?\" target=\"_blank\" rel=\"noopener\">\u00bb Rasentechnik<\/a><br \/>\n\u00bb M\u00e4hroboter<br \/>\n<a href=\"https:\/\/www.deere.de\/de_DE\/products\/equipment\/walk_behind_mowers\/walk_behind_mowers.page?\" target=\"_blank\" rel=\"noopener\">\u00bb Schieberasenm\u00e4her<\/a><br \/>\n<a href=\"https:\/\/www.deere.de\/de_DE\/products\/equipment\/riding_lawn_equipment\/riding_lawn_equipment.page?\" target=\"_blank\" rel=\"noopener\">\u00bb Aufsitzm\u00e4her<\/a><br \/>\n<a href=\"https:\/\/www.deere.de\/de_DE\/products\/equipment\/riding_lawn_equipment\/eztrak_zero_turn_mowers\/eztrak_zero_turn_mowers.page?\" target=\"_blank\" rel=\"noopener\">\u00bb Nullwendekreism\u00e4her<\/a><\/td><td class=\"column-2\"><img src=\"http:\/\/behrens-lm.de\/wp-content\/uploads\/Stihl_Logo_WhiteOnOrange.svg_.png\" alt=\"\" class=\"center\" width=\"150\" height=\"74\" class=\"aligncenter size-full wp-image-906\" \/><br \/>\n\u00bb M\u00e4hroboter iMow<br \/>\n<a href=\"http:\/\/behrens-lm.de\/?page_id=97\">\u00bb siehe Motorger\u00e4te<\/a><br \/>\n<a href=\"http:\/\/www.viking-garten.de\/VIKING-Produkte\/1700\/Rasenm%C3%A4her.aspx\" target=\"_blank\" rel=\"noopener\">\u00bb Schieberasenm\u00e4her<\/a><br \/>\n<a href=\"http:\/\/www.viking-garten.de\/VIKING-Produkte\/1800\/Aufsitzm%C3%A4her.aspx\" target=\"_blank\" rel=\"noopener\">\u00bb Aufsitzm\u00e4her<\/a><br \/>\n<a href=\"http:\/\/www.viking-garten.de\/VIKING-Produkte\/11639\/Vertikutierer.aspx\" target=\"_blank\" rel=\"noopener\">\u00bb Vertikutierer<\/a><br \/>\n<a href=\"http:\/\/www.viking-garten.de\/VIKING-Produkte\/11400\/H%C3%A4cksler.aspx\" target=\"_blank\" rel=\"noopener\">\u00bb H\u00e4cksler<\/a><\/td><td class=\"column-3\"><img src=\"http:\/\/behrens-lm.de\/wp-content\/uploads\/kachel-remarc.jpg\" alt=\"\" class=\"center\" width=\"150\" height=\"79\" class=\"aligncenter size-full wp-image-1347\" \/><br \/>\n\u00bb Aufsitzm\u00e4her<br \/>\n\u00bb Universalsauger und Bl\u00e4ser<br \/>\n\u00bb Kompaktmulcher<br \/>\n\u00bb Kehrmaschinen<\/td><td class=\"column-4\"><img src=\"http:\/\/behrens-lm.de\/wp-content\/uploads\/herkules.jpg\" alt=\"\" class=\"center\" width=\"150\" height=\"100\" class=\"aligncenter size-full wp-image-1112\" \/><br \/>\n<a href=\"http:\/\/www.herkules-garten.de\/garten\/de\/shop\/rasenpflege\/\" target=\"_blank\" rel=\"noopener\">\u00bb Schiebe- und Aufsitzm\u00e4her<\/a><br \/>\n<a href=\"http:\/\/www.herkules-garten.de\/garten\/de\/shop\/Reinigung\/Kehrmaschine\/\" target=\"_blank\" rel=\"noopener\">\u00bb Kehrmaschinen<\/a><\/td>\n<\/tr>\n<tr class=\"row-2\">\n\t<td class=\"column-1\"><img src=\"http:\/\/behrens-lm.de\/wp-content\/uploads\/stiga.png\" alt=\"\" class=\"center\" width=\"150\" height=\"36\" class=\"aligncenter size-full wp-image-1125\" \/><br \/>\n<a href=\"http:\/\/www.stiga.de\/produkte\/stiga_de\/aufsitzmaher.html\" target=\"_blank\" rel=\"noopener\">\u00bb Aufsitzm\u00e4her mit Frontmulchm\u00e4hwerk<\/a><\/td><td class=\"column-2\"><img src=\"http:\/\/behrens-lm.de\/wp-content\/uploads\/SABO_Logo_2014.jpg\" alt=\"\" class=\"center\" width=\"150\" height=\"66\" class=\"aligncenter size-full wp-image-1187\" \/><br \/>\n<a href=\"http:\/\/www.sabo-online.de\/sabode\/products\/equipment\/p_mower\/p_mower.page?\" target=\"_blank\" rel=\"noopener\">\u00bb Schieberasenm\u00e4her<\/a><\/td><td class=\"column-3\"><img src=\"http:\/\/behrens-lm.de\/wp-content\/uploads\/bgu.jpg\" alt=\"\" class=\"center\" width=\"150\" height=\"33\" class=\"aligncenter size-full wp-image-1132\" \/><br \/>\n<a href=\"http:\/\/www.bgu-maschinen.de\/produkte.html\" target=\"_blank\" rel=\"noopener\">\u00bb Kreiss\u00e4gen<br \/>\n\u00bb Holzspalter<\/a><\/td><td class=\"column-4\"><img src=\"http:\/\/behrens-lm.de\/wp-content\/uploads\/bayerwald_logo.jpg\" alt=\"\" class=\"center\" width=\"150\" height=\"57\" class=\"aligncenter size-full wp-image-1575\" \/><br \/>\n\u00bb Holzspalter<\/td>\n<\/tr>\n<\/tbody>\n<\/table>\n<!-- #tablepress-4 from cache -->\n<hr>\n<p style=\"text-align: justify;\">F\u00fcr weitere Informationen k\u00f6nnen Sie uns&nbsp;<a style=\"color: #006000;\" href=\"http:\/\/behrens-lm.de\/?page_id=74\"><b>hier<\/b><\/a>&nbsp;kontaktieren oder Sie setzen sich mit einem unserer, daf\u00fcr zust\u00e4ndigen&nbsp;<a style=\"color: #006000;\" href=\"http:\/\/behrens-lm.de\/?page_id=70\"><b>Ansprechpartner<\/b><\/a> in Verbindung.<\/p>\n","protected":false},"excerpt":{"rendered":"<p><a class=\"read-more\" href=\"http:\/\/behrens-lm.de\/?page_id=95\">Vollst\u00e4ndigen Artikel lesen<\/a><\/p>\n","protected":false},"author":1,"featured_media":0,"parent":0,"menu_order":7,"comment_status":"closed","ping_status":"closed","template":"","meta":{"_links_to":"","_links_to_target":""},"tags":[21,10,208,29,164,23,190,188,30,192,186,22,173,174,172,191,189,185,184,31,9,183,26,20,11,28,25,24,187,27],"jetpack_sharing_enabled":true,"jetpack_shortlink":"https:\/\/wp.me\/P8BIro-1x","_links":{"self":[{"href":"http:\/\/behrens-lm.de\/index.php?rest_route=\/wp\/v2\/pages\/95"}],"collection":[{"href":"http:\/\/behrens-lm.de\/index.php?rest_route=\/wp\/v2\/pages"}],"about":[{"href":"http:\/\/behrens-lm.de\/index.php?rest_route=\/wp\/v2\/types\/page"}],"author":[{"embeddable":true,"href":"http:\/\/behrens-lm.de\/index.php?rest_route=\/wp\/v2\/users\/1"}],"replies":[{"embeddable":true,"href":"http:\/\/behrens-lm.de\/index.php?rest_route=%2Fwp%2Fv2%2Fcomments&post=95"}],"version-history":[{"count":43,"href":"http:\/\/behrens-lm.de\/index.php?rest_route=\/wp\/v2\/pages\/95\/revisions"}],"predecessor-version":[{"id":2210,"href":"http:\/\/behrens-lm.de\/index.php?rest_route=\/wp\/v2\/pages\/95\/revisions\/2210"}],"wp:attachment":[{"href":"http:\/\/behrens-lm.de\/index.php?rest_route=%2Fwp%2Fv2%2Fmedia&parent=95"}],"wp:term":[{"taxonomy":"post_tag","embeddable":true,"href":"http:\/\/behrens-lm.de\/index.php?rest_route=%2Fwp%2Fv2%2Ftags&post=95"}],"curies":[{"name":"wp","href":"https:\/\/api.w.org\/{rel}","templated":true}]}}