{"id":91,"date":"2013-08-09T18:54:45","date_gmt":"2013-08-09T16:54:45","guid":{"rendered":"http:\/\/behrens-lm.de\/?page_id=91"},"modified":"2023-10-09T14:26:18","modified_gmt":"2023-10-09T12:26:18","slug":"obstbautechnik","status":"publish","type":"page","link":"http:\/\/behrens-lm.de\/?page_id=91","title":{"rendered":"\u00bb\u00a0OBSTBAUTECHNIK \u00ab"},"content":{"rendered":"<h1><\/h1>\n<hr \/>\n<p style=\"text-align: justify;\">Im Bereich der Obstbautechnik bieten wir Ihnen ein breites Spektrum an Produkten; von Traktoren \u00fcber Spr\u00fchger\u00e4te bis hin zu Mulchger\u00e4ten sowie Scheren aller Art. Sie finden in unserem Produktsortiment\u00a0eine Vielzahl an Fabrikaten.<\/p>\n<p style=\"text-align: justify;\">Klicken Sie f\u00fcr weiterf\u00fchrende Informationen zu den einzelnen Sortimenten eines Herstellers einfach die gesuchte Produktkategorie an, um zu den dazugeh\u00f6rigen, verschiedenen Modellen und Ausf\u00fchrungen zu gelangen.<\/p>\n<hr \/>\n\n<table id=\"tablepress-7\" class=\"tablepress tablepress-id-7\">\n<tbody>\n<tr class=\"row-1\">\n\t<td class=\"column-1\"><p style=\"text-align: center;\"><img class=\"alignnone wp-image-49\" title=\"John Deere\" src=\"http:\/\/behrens-lm.de\/wp-content\/uploads\/2013\/08\/Logo_John_Deere.svg_1-300x204.png\" alt=\"Schmalspur- und Spezialtraktoren\" class=\"center\" width=\"150\" height=\"102\" \/><br \/>\n<a href=\"http:\/\/www.deere.de\/de_DE\/products\/equipment\/tractors\/5g_series_specialty_tractors\/5g_series_specialty_tractors.page\" target=\"_blank\">\u00bb Schmalspur- und Spezialtraktoren<\/a><\/p><\/td><td class=\"column-2\"><p style=\"text-align: center;\"><img class=\"alignnone wp-image-804\" title=\"Wanner\" src=\"http:\/\/behrens-lm.de\/wp-content\/uploads\/wanner2.png\" alt=\"Spr\u00fchger\u00e4te\" class=\"center\" width=\"150\" height=\"113\" \/><br \/>\n<a href=\"http:\/\/www.wanner-maschinenbau.de\/spruehgeraete\/\" target=\"_blank\">\u00bb Spr\u00fchger\u00e4te<\/a><\/p><\/td><td class=\"column-3\"><p style=\"text-align: center;\"><img class=\"alignnone wp-image-794\" title=\"Bargam\" src=\"http:\/\/behrens-lm.de\/wp-content\/uploads\/logo-bargam.png\" alt=\"Spr\u00fchger\u00e4te\" class=\"center\" width=\"150\" height=\"135\" \/><br \/>\n<a href=\"http:\/\/bargam.portalservices.it\/de\/prodotti.asp\" target=\"_blank\">\u00bb Spr\u00fchger\u00e4te<\/a><\/p><\/td><td class=\"column-4\"><p style=\"text-align: center;\"><img class=\"alignnone wp-image-49\" title=\"Felco\" src=\"http:\/\/behrens-lm.de\/wp-content\/uploads\/felco.jpg\" alt=\"Scheren\" class=\"center\" width=\"150\" height=\"119\" \/><br \/>\n<a href=\"http:\/\/www.felco.de\/felco\/pages\/tools.page?\" target=\"_blank\">\u00bb Scheren aller Art<br \/>\n(manuell, pneumatisch, elektrisch mit Akku)<\/a><\/p><\/td>\n<\/tr>\n<tr class=\"row-2\">\n\t<td class=\"column-1\"><\/td><td class=\"column-2\"><img src=\"http:\/\/behrens-lm.de\/wp-content\/uploads\/votex.jpg\" title=\"Votex\" alt=\"\" class=\"center\" width=\"150\" height=\"123\" class=\"aligncenter size-full wp-image-1114\" \/><br \/>\n<a href=\"http:\/\/votex.com\/de\/votex-boeschung-graben\/\" target=\"_blank\">\u00bb Mulchger\u00e4te<br \/>\n\u00bb Supercombi \/ Front und Heck<\/a><\/td><td class=\"column-3\"><p style=\"text-align: center;\"><img class=\"alignnone wp-image-49\" title=\"Perfect\" src=\"http:\/\/behrens-lm.de\/wp-content\/uploads\/perfect.jpg\" alt=\"Mulchger\u00e4te\" class=\"center\" width=\"150\" height=\"88\" \/><br \/>\n<a href=\"http:\/\/www.vanwamel.nl\/de\/\" target=\"_blank\">\u00bb Mulchger\u00e4te<\/a><\/p><\/td><td class=\"column-4\"><\/td>\n<\/tr>\n<\/tbody>\n<\/table>\n<!-- #tablepress-7 from cache -->\n<hr \/>\n<p style=\"text-align: justify;\">F\u00fcr weitere Informationen k\u00f6nnen Sie uns\u00a0<a style=\"color: #006000;\" href=\"http:\/\/behrens-lm.de\/?page_id=74\"><b>hier<\/b><\/a>\u00a0kontaktieren oder Sie setzen sich mit einem unserer, daf\u00fcr zust\u00e4ndigen\u00a0<a style=\"color: #006000;\" href=\"http:\/\/behrens-lm.de\/?page_id=70\"><b>Ansprechpartner<\/b><\/a> in Verbindung.<\/p>\n","protected":false},"excerpt":{"rendered":"<p><a class=\"read-more\" href=\"http:\/\/behrens-lm.de\/?page_id=91\">Vollst\u00e4ndigen Artikel lesen<\/a><\/p>\n","protected":false},"author":1,"featured_media":0,"parent":0,"menu_order":5,"comment_status":"closed","ping_status":"closed","template":"","meta":{"_links_to":"","_links_to_target":""},"tags":[35,152,36,32,22,150,148,34,151,149,18,19,147,84,33],"jetpack_sharing_enabled":true,"jetpack_shortlink":"https:\/\/wp.me\/P8BIro-1t","_links":{"self":[{"href":"http:\/\/behrens-lm.de\/index.php?rest_route=\/wp\/v2\/pages\/91"}],"collection":[{"href":"http:\/\/behrens-lm.de\/index.php?rest_route=\/wp\/v2\/pages"}],"about":[{"href":"http:\/\/behrens-lm.de\/index.php?rest_route=\/wp\/v2\/types\/page"}],"author":[{"embeddable":true,"href":"http:\/\/behrens-lm.de\/index.php?rest_route=\/wp\/v2\/users\/1"}],"replies":[{"embeddable":true,"href":"http:\/\/behrens-lm.de\/index.php?rest_route=%2Fwp%2Fv2%2Fcomments&post=91"}],"version-history":[{"count":75,"href":"http:\/\/behrens-lm.de\/index.php?rest_route=\/wp\/v2\/pages\/91\/revisions"}],"predecessor-version":[{"id":2184,"href":"http:\/\/behrens-lm.de\/index.php?rest_route=\/wp\/v2\/pages\/91\/revisions\/2184"}],"wp:attachment":[{"href":"http:\/\/behrens-lm.de\/index.php?rest_route=%2Fwp%2Fv2%2Fmedia&parent=91"}],"wp:term":[{"taxonomy":"post_tag","embeddable":true,"href":"http:\/\/behrens-lm.de\/index.php?rest_route=%2Fwp%2Fv2%2Ftags&post=91"}],"curies":[{"name":"wp","href":"https:\/\/api.w.org\/{rel}","templated":true}]}}