{"id":84,"date":"2013-08-09T15:35:57","date_gmt":"2013-08-09T13:35:57","guid":{"rendered":"http:\/\/behrens-lm.de\/?page_id=84"},"modified":"2023-10-09T16:07:44","modified_gmt":"2023-10-09T14:07:44","slug":"traktoren-2","status":"publish","type":"page","link":"http:\/\/behrens-lm.de\/?page_id=84","title":{"rendered":"\u00bb TRAKTOREN\u00a0\u00ab"},"content":{"rendered":"<h1 style=\"text-align: left;\"><\/h1>\n<hr \/>\n<p style=\"text-align: justify;\"><a href=\"http:\/\/www.deere.de\/de_DE\/products\/equipment\/tractors\/tractors.page?\" target=\"_blank\" rel=\"noopener noreferrer\"><img loading=\"lazy\" class=\"aligncenter wp-image-976 size-medium\" src=\"http:\/\/behrens-lm.de\/wp-content\/uploads\/john-deer-500x103.png\" width=\"500\" height=\"103\" srcset=\"http:\/\/behrens-lm.de\/wp-content\/uploads\/john-deer-500x103.png 500w, http:\/\/behrens-lm.de\/wp-content\/uploads\/john-deer.png 760w\" sizes=\"(max-width: 500px) 100vw, 500px\" \/><\/a><\/p>\n<p style=\"text-align: justify;\">Wir bieten Ihnen eine breite Palette an Traktoren von <a href=\"https:\/\/www.deere.de\/de_DE\/products\/equipment\/tractors\/tractors.page?\" target=\"_blank\" rel=\"noopener noreferrer\">John Deere<\/a>, die durch modernste Technik, Leistungsst\u00e4rke und n\u00fctzliche Funktionsmerkmale \u00fcberzeugen und in zahlreichen Anwendungsgebieten Ihre individuellen Bed\u00fcrfnisse und Anforderungen erf\u00fcllen. Unser Leistungsspektrum reicht dabei von Spezial- \u00fcber Kompakt- bis hin zu Gro\u00dftraktoren.<\/p>\n<p style=\"text-align: justify;\">Klicken Sie f\u00fcr weiterf\u00fchrende Informationen einfach die gesuchte Produktkategorie an, um zu den dazugeh\u00f6rigen, verschiedenen Modellen und Ausf\u00fchrungen zu gelangen.<\/p>\n<hr \/>\n\n<hr \/>\n<p style=\"text-align: justify;\">F\u00fcr weitere Informationen k\u00f6nnen Sie uns\u00a0<a style=\"color: #006000;\" href=\"http:\/\/behrens-lm.de\/?page_id=74\"><b>hier<\/b><\/a>\u00a0kontaktieren oder Sie setzen sich mit einem unserer, daf\u00fcr zust\u00e4ndigen\u00a0<a style=\"color: #006000;\" href=\"http:\/\/behrens-lm.de\/?page_id=70\"><b>Ansprechpartner<\/b><\/a> in Verbindung.<\/p>\n","protected":false},"excerpt":{"rendered":"<p><a class=\"read-more\" href=\"http:\/\/behrens-lm.de\/?page_id=84\">Vollst\u00e4ndigen Artikel lesen<\/a><\/p>\n","protected":false},"author":1,"featured_media":0,"parent":0,"menu_order":2,"comment_status":"closed","ping_status":"closed","template":"","meta":{"_links_to":"","_links_to_target":""},"tags":[],"jetpack_sharing_enabled":true,"jetpack_shortlink":"https:\/\/wp.me\/P8BIro-1m","_links":{"self":[{"href":"http:\/\/behrens-lm.de\/index.php?rest_route=\/wp\/v2\/pages\/84"}],"collection":[{"href":"http:\/\/behrens-lm.de\/index.php?rest_route=\/wp\/v2\/pages"}],"about":[{"href":"http:\/\/behrens-lm.de\/index.php?rest_route=\/wp\/v2\/types\/page"}],"author":[{"embeddable":true,"href":"http:\/\/behrens-lm.de\/index.php?rest_route=\/wp\/v2\/users\/1"}],"replies":[{"embeddable":true,"href":"http:\/\/behrens-lm.de\/index.php?rest_route=%2Fwp%2Fv2%2Fcomments&post=84"}],"version-history":[{"count":39,"href":"http:\/\/behrens-lm.de\/index.php?rest_route=\/wp\/v2\/pages\/84\/revisions"}],"predecessor-version":[{"id":2209,"href":"http:\/\/behrens-lm.de\/index.php?rest_route=\/wp\/v2\/pages\/84\/revisions\/2209"}],"wp:attachment":[{"href":"http:\/\/behrens-lm.de\/index.php?rest_route=%2Fwp%2Fv2%2Fmedia&parent=84"}],"wp:term":[{"taxonomy":"post_tag","embeddable":true,"href":"http:\/\/behrens-lm.de\/index.php?rest_route=%2Fwp%2Fv2%2Ftags&post=84"}],"curies":[{"name":"wp","href":"https:\/\/api.w.org\/{rel}","templated":true}]}}