{"id":724,"date":"2016-08-24T00:48:16","date_gmt":"2016-08-23T22:48:16","guid":{"rendered":"http:\/\/behrens-lm.de\/?page_id=724"},"modified":"2023-10-09T16:32:41","modified_gmt":"2023-10-09T14:32:41","slug":"service","status":"publish","type":"page","link":"http:\/\/behrens-lm.de\/?page_id=724","title":{"rendered":"\u00bb SERVICE\u00a0\u00ab"},"content":{"rendered":"<h1 style=\"text-align: left;\"><\/h1>\n<hr \/>\n<p style=\"text-align: justify;\">Wir bieten Ihnen neben dem Vertrieb von Neu- und Gebrauchtmaschinen selbstverst\u00e4ndlich auch ein gro\u00dfes Spektrum an ausgezeichneten Service-Leistungen:<\/p>\n<ul>\n<li>Individuelle Kundenberatung<\/li>\n<li>Wartung, Inspektionen, Reparaturen, Feldservice<\/li>\n<li>Bereitstellung von Ersatzteilen und Zubeh\u00f6r<\/li>\n<li>Schulungen und Einweisungen f\u00fcr den ordnungsgem\u00e4\u00dfen und sicheren Betrieb von Maschinen<\/li>\n<li>Vermietung von Maschinen, Ger\u00e4ten, Ausr\u00fcstung und Zubeh\u00f6r<\/li>\n<li>Verschiedene Finanzierungsoptionen inkl. Inzahlungnahmen<\/li>\n<li>Bewertung von Gebrauchtmaschinen<\/li>\n<li>Garantie und Gew\u00e4hrleistungen<\/li>\n<\/ul>\n<p style=\"text-align: justify;\">Wir zeichnen uns insbesondere durch unsere<\/p>\n<ul>\n<li style=\"text-align: justify;\">herausragende Fachkompetenz,<\/li>\n<li style=\"text-align: justify;\">langj\u00e4hrige Erfahrung,<\/li>\n<li style=\"text-align: justify;\">erstklassige Qualit\u00e4t,<\/li>\n<li>sorgf\u00e4ltiges und pr\u00e4zises Arbeiten,<\/li>\n<li>schnelle Problemidentifizierung und -l\u00f6sung,<\/li>\n<li>hohe Kundenfreundlichkeit,<\/li>\n<li style=\"text-align: justify;\">absolute Zuverl\u00e4ssigkeit, und<\/li>\n<li style=\"text-align: justify;\">st\u00e4ndige Erreichbarkeit aus.<\/li>\n<\/ul>\n<p>Unseren Notdienst erreichen Sie rund um die Uhr unter der Nummer: +49 4122 8593-0<\/p>\n<hr \/>\n<p style=\"text-align: justify;\">F\u00fcr weitere Informationen k\u00f6nnen Sie uns\u00a0<a style=\"color: #006000;\" href=\"http:\/\/behrens-lm.de\/?page_id=74\"><b>hier<\/b><\/a>\u00a0kontaktieren oder Sie setzen sich mit einem unserer, daf\u00fcr zust\u00e4ndigen\u00a0<a style=\"color: #006000;\" href=\"http:\/\/behrens-lm.de\/?page_id=70\"><b>Ansprechpartner<\/b><\/a> in Verbindung.<\/p>\n","protected":false},"excerpt":{"rendered":"<p><a class=\"read-more\" href=\"http:\/\/behrens-lm.de\/?page_id=724\">Vollst\u00e4ndigen Artikel lesen<\/a><\/p>\n","protected":false},"author":1,"featured_media":0,"parent":0,"menu_order":0,"comment_status":"closed","ping_status":"closed","template":"","meta":{"_links_to":"","_links_to_target":""},"tags":[],"jetpack_sharing_enabled":true,"jetpack_shortlink":"https:\/\/wp.me\/P8BIro-bG","_links":{"self":[{"href":"http:\/\/behrens-lm.de\/index.php?rest_route=\/wp\/v2\/pages\/724"}],"collection":[{"href":"http:\/\/behrens-lm.de\/index.php?rest_route=\/wp\/v2\/pages"}],"about":[{"href":"http:\/\/behrens-lm.de\/index.php?rest_route=\/wp\/v2\/types\/page"}],"author":[{"embeddable":true,"href":"http:\/\/behrens-lm.de\/index.php?rest_route=\/wp\/v2\/users\/1"}],"replies":[{"embeddable":true,"href":"http:\/\/behrens-lm.de\/index.php?rest_route=%2Fwp%2Fv2%2Fcomments&post=724"}],"version-history":[{"count":17,"href":"http:\/\/behrens-lm.de\/index.php?rest_route=\/wp\/v2\/pages\/724\/revisions"}],"predecessor-version":[{"id":2219,"href":"http:\/\/behrens-lm.de\/index.php?rest_route=\/wp\/v2\/pages\/724\/revisions\/2219"}],"wp:attachment":[{"href":"http:\/\/behrens-lm.de\/index.php?rest_route=%2Fwp%2Fv2%2Fmedia&parent=724"}],"wp:term":[{"taxonomy":"post_tag","embeddable":true,"href":"http:\/\/behrens-lm.de\/index.php?rest_route=%2Fwp%2Fv2%2Ftags&post=724"}],"curies":[{"name":"wp","href":"https:\/\/api.w.org\/{rel}","templated":true}]}}